{"id":117,"date":"2018-09-26T13:24:04","date_gmt":"2018-09-26T13:24:04","guid":{"rendered":"http:\/\/taks-energie.de\/?page_id=117"},"modified":"2021-12-05T19:15:40","modified_gmt":"2021-12-05T19:15:40","slug":"kontakt","status":"publish","type":"page","link":"https:\/\/taks-energie.de\/?page_id=117","title":{"rendered":"Kontakt"},"content":{"rendered":"<p>[et_pb_section fb_built=&#8220;1&#8243; admin_label=&#8220;Subscribe&#8220; _builder_version=&#8220;3.22&#8243; background_color=&#8220;rgba(255,255,255,0.7)&#8220; background_image=&#8220;http:\/\/taks-energie.de\/wp-content\/uploads\/2018\/09\/lpg_back.jpg&#8220; background_blend=&#8220;screen&#8220; custom_padding=&#8220;0|0px|0|0px|false|false&#8220; animation_style=&#8220;slide&#8220; animation_direction=&#8220;bottom&#8220; animation_duration=&#8220;1250ms&#8220; animation_intensity_slide=&#8220;1%&#8220; saved_tabs=&#8220;all&#8220; global_colors_info=&#8220;{}&#8220;][et_pb_row _builder_version=&#8220;3.25&#8243; custom_padding=&#8220;0|0px|19px|0px|false|false&#8220; global_colors_info=&#8220;{}&#8220;][et_pb_column type=&#8220;4_4&#8243; _builder_version=&#8220;3.25&#8243; custom_padding=&#8220;|||&#8220; global_colors_info=&#8220;{}&#8220; custom_padding__hover=&#8220;|||&#8220;][et_pb_image src=&#8220;http:\/\/taks-energie.de\/wp-content\/uploads\/2018\/09\/logo_taks.png&#8220; align=&#8220;center&#8220; align_tablet=&#8220;center&#8220; align_phone=&#8220;&#8220; align_last_edited=&#8220;on|desktop&#8220; _builder_version=&#8220;3.23&#8243; max_width=&#8220;60%&#8220; module_alignment=&#8220;center&#8220; saved_tabs=&#8220;all&#8220; global_colors_info=&#8220;{}&#8220;]<\/p>\n<p>&nbsp;<\/p>\n<p>[\/et_pb_image][et_pb_text _builder_version=&#8220;3.27.4&#8243; text_font=&#8220;Montserrat|500|||||||&#8220; text_text_color=&#8220;rgba(47,56,84,0.5)&#8220; text_font_size=&#8220;16px&#8220; text_line_height=&#8220;1.9em&#8220; header_font=&#8220;Poppins|700|||||||&#8220; header_2_font=&#8220;Poppins|700|||||||&#8220; header_2_text_color=&#8220;#e09900&#8243; header_2_font_size=&#8220;50px&#8220; header_2_line_height=&#8220;1.3em&#8220; text_orientation=&#8220;center&#8220; max_width=&#8220;700px&#8220; module_alignment=&#8220;center&#8220; global_colors_info=&#8220;{}&#8220;]<\/p>\n<h2 style=\"text-align: center;\">Nehmen Sie Kontakt<br \/>\nmit uns auf!<\/h2>\n<p>[\/et_pb_text][\/et_pb_column][\/et_pb_row][et_pb_row column_structure=&#8220;1_4,1_2,1_4&#8243; _builder_version=&#8220;3.15&#8243; custom_padding=&#8220;6px|0px|78px|0px|false|false&#8220; global_module=&#8220;328&#8243; global_colors_info=&#8220;{}&#8220;][et_pb_column type=&#8220;1_4&#8243; _builder_version=&#8220;3.25&#8243; custom_padding=&#8220;|||&#8220; global_colors_info=&#8220;{}&#8220; custom_padding__hover=&#8220;|||&#8220;][\/et_pb_column][et_pb_column type=&#8220;1_2&#8243; _builder_version=&#8220;3.25&#8243; custom_padding=&#8220;|||&#8220; global_colors_info=&#8220;{}&#8220; custom_padding__hover=&#8220;|||&#8220;][et_pb_contact_form email=&#8220;info@taks-energie.de, blumberg@multimedias.de&#8220; custom_message=&#8220;Kontaktnachricht der TAKS Homepage||et_pb_line_break_holder||||et_pb_line_break_holder||Firma: %%firma%%||et_pb_line_break_holder||Name: %%name%%||et_pb_line_break_holder||Telefon: %%telefon%%||et_pb_line_break_holder||Email: %%email%%||et_pb_line_break_holder||Stra\u00dfe: %%stra\u00dfe%%||et_pb_line_break_holder||PLZ: %%plz%%||et_pb_line_break_holder||Ort: %%Stadt%%||et_pb_line_break_holder||||et_pb_line_break_holder||Nachricht: ||et_pb_line_break_holder||||et_pb_line_break_holder||%%Nachricht%%&#8220; success_message=&#8220;Vielen Dank f\u00fcr Ihre Nachricht! Wir k\u00fcmmern uns umgehend darum. Viele Gr\u00fc\u00dfe, Ihr TAKS- Energie Team&#8220; submit_button_text=&#8220;Senden&#8220; module_id=&#8220;et_pb_contact_form_1&#8243; _builder_version=&#8220;4.14.2&#8243; _unique_id=&#8220;6d7c4d23-31d9-4737-9ba8-c208d1804c23&#8243; hover_enabled=&#8220;0&#8243; border_radii=&#8220;on|1px|1px|1px|1px&#8220; box_shadow_style=&#8220;preset4&#8243; box_shadow_horizontal=&#8220;1px&#8220; box_shadow_vertical=&#8220;1px&#8220; global_colors_info=&#8220;{}&#8220; use_spam_service=&#8220;on&#8220; recaptcha_list=&#8220;taks-energie|taks-energie-0&#8243; sticky_enabled=&#8220;0&#8243;][et_pb_contact_field field_id=&#8220;Firma&#8220; field_title=&#8220;Firma:&#8220; required_mark=&#8220;off&#8220; fullwidth_field=&#8220;on&#8220; _builder_version=&#8220;3.16&#8243; global_colors_info=&#8220;{}&#8220;][\/et_pb_contact_field][et_pb_contact_field field_id=&#8220;Name&#8220; field_title=&#8220;Name: *&#8220; fullwidth_field=&#8220;on&#8220; _builder_version=&#8220;3.16&#8243; global_colors_info=&#8220;{}&#8220;][\/et_pb_contact_field][et_pb_contact_field field_id=&#8220;Telefon&#8220; field_title=&#8220;Telefon:&#8220; required_mark=&#8220;off&#8220; fullwidth_field=&#8220;on&#8220; _builder_version=&#8220;3.16&#8243; global_colors_info=&#8220;{}&#8220;][\/et_pb_contact_field][et_pb_contact_field field_id=&#8220;Email&#8220; field_title=&#8220;E-Mail-Adresse: *&#8220; field_type=&#8220;email&#8220; fullwidth_field=&#8220;on&#8220; _builder_version=&#8220;3.16&#8243; global_colors_info=&#8220;{}&#8220;][\/et_pb_contact_field][et_pb_contact_field field_id=&#8220;Stra\u00dfe&#8220; field_title=&#8220;Stra\u00dfe:&#8220; required_mark=&#8220;off&#8220; fullwidth_field=&#8220;on&#8220; _builder_version=&#8220;3.16&#8243; global_colors_info=&#8220;{}&#8220;][\/et_pb_contact_field][et_pb_contact_field field_id=&#8220;PLZ&#8220; field_title=&#8220;PLZ&#8220; required_mark=&#8220;off&#8220; _builder_version=&#8220;3.16&#8243; global_colors_info=&#8220;{}&#8220;][\/et_pb_contact_field][et_pb_contact_field field_id=&#8220;Stadt&#8220; field_title=&#8220;Stadt&#8220; required_mark=&#8220;off&#8220; _builder_version=&#8220;3.16&#8243; global_colors_info=&#8220;{}&#8220;][\/et_pb_contact_field][et_pb_contact_field field_id=&#8220;Nachricht&#8220; field_title=&#8220;Ihre Nachricht: *&#8220; field_type=&#8220;text&#8220; fullwidth_field=&#8220;on&#8220; _builder_version=&#8220;3.16&#8243; global_colors_info=&#8220;{}&#8220;][\/et_pb_contact_field][et_pb_contact_field field_id=&#8220;Datenschutz&#8220; field_title=&#8220;Datenschutz&#8220; field_type=&#8220;checkbox&#8220; checkbox_options=&#8220;%91{%22value%22:%22Ich habe die Datenschutzerkl\u00e4rung zur Kenntnis genommen. Ich stimme zu, dass meine Angaben zur Kontaktaufnahme und f\u00fcr R\u00fcckfragen dauerhaft gespeichert werden.(erforderlich)%22,%22checked%22:0}%93&#8243; _builder_version=&#8220;3.16&#8243; global_colors_info=&#8220;{}&#8220;][\/et_pb_contact_field][\/et_pb_contact_form][\/et_pb_column][et_pb_column type=&#8220;1_4&#8243; _builder_version=&#8220;3.25&#8243; custom_padding=&#8220;|||&#8220; global_colors_info=&#8220;{}&#8220; custom_padding__hover=&#8220;|||&#8220;][\/et_pb_column][\/et_pb_row][\/et_pb_section][et_pb_section fb_built=&#8220;1&#8243; _builder_version=&#8220;3.15&#8243; background_color=&#8220;#afcb08&#8243; global_module=&#8220;329&#8243; global_colors_info=&#8220;{}&#8220;][et_pb_row column_structure=&#8220;1_3,1_3,1_3&#8243; _builder_version=&#8220;3.25&#8243; background_size=&#8220;initial&#8220; background_position=&#8220;top_left&#8220; background_repeat=&#8220;repeat&#8220; global_colors_info=&#8220;{}&#8220;][et_pb_column type=&#8220;1_3&#8243; _builder_version=&#8220;3.25&#8243; custom_padding=&#8220;|||&#8220; global_colors_info=&#8220;{}&#8220; custom_padding__hover=&#8220;|||&#8220;][et_pb_text _builder_version=&#8220;4.0.5&#8243; text_font=&#8220;Open Sans|700|||||||&#8220; text_text_color=&#8220;#ffffff&#8220; text_line_height=&#8220;2.4em&#8220; header_3_font=&#8220;Open Sans||||||||&#8220; header_3_text_color=&#8220;#ffffff&#8220; header_3_font_size=&#8220;16&#8243; header_3_line_height=&#8220;2em&#8220; header_3_text_shadow_style=&#8220;preset1&#8243; header_3_text_shadow_color=&#8220;#383838&#8243; global_colors_info=&#8220;{}&#8220;]<\/p>\n<ul>\n<li>\n<h3><strong><a href=\"http:\/\/taks-energie.de\">Home<\/a><\/strong><\/h3>\n<\/li>\n<li>\n<h3><strong><a href=\"http:\/\/taks-energie.de\/?page_id=155\">LPG Autogas<\/a><\/strong><\/h3>\n<\/li>\n<li>\n<h3><strong><a href=\"http:\/\/taks-energie.de\/?page_id=89\">E-Mobilit\u00e4t<\/a><\/strong><\/h3>\n<\/li>\n<li>\n<h3><a href=\"http:\/\/taks-energie.de\/?page_id=117\"><strong>Kontakt<\/strong><\/a><\/h3>\n<\/li>\n<li>\n<h3><strong><a href=\"http:\/\/taks-energie.de\/?page_id=133\">Impressum<\/a><\/strong><\/h3>\n<\/li>\n<li>\n<h3><a href=\"http:\/\/taks-energie.de\/?page_id=135\"><strong>Datenschutzbestimmung<\/strong><\/a><\/h3>\n<\/li>\n<\/ul>\n<p>[\/et_pb_text][\/et_pb_column][et_pb_column type=&#8220;1_3&#8243; _builder_version=&#8220;3.25&#8243; custom_padding=&#8220;|||&#8220; global_colors_info=&#8220;{}&#8220; custom_padding__hover=&#8220;|||&#8220;][et_pb_image src=&#8220;http:\/\/taks-energie.de\/wp-content\/uploads\/2018\/09\/logo_taks.png&#8220; align=&#8220;center&#8220; align_tablet=&#8220;center&#8220; align_phone=&#8220;&#8220; align_last_edited=&#8220;on|desktop&#8220; _builder_version=&#8220;3.23&#8243; global_colors_info=&#8220;{}&#8220;]<\/p>\n<p>\u00a0<\/p>\n<p>[\/et_pb_image][\/et_pb_column][et_pb_column type=&#8220;1_3&#8243; _builder_version=&#8220;3.25&#8243; custom_padding=&#8220;|||&#8220; global_colors_info=&#8220;{}&#8220; custom_padding__hover=&#8220;|||&#8220;][et_pb_text _builder_version=&#8220;3.27.4&#8243; header_3_font=&#8220;Open Sans||||||||&#8220; header_3_text_color=&#8220;#ffffff&#8220; header_3_font_size=&#8220;14px&#8220; header_3_line_height=&#8220;2em&#8220; header_3_text_shadow_style=&#8220;preset1&#8243; global_colors_info=&#8220;{}&#8220;]<\/p>\n<h3><strong>TAKS Energie GmbH<\/strong><\/h3>\n<h3>Wiedenhaufe 8<br \/>58332 Schwelm<\/h3>\n<h3>Telefon: +49 2336 819 2332<br \/>Fax: +49 2336 819 2330<\/h3>\n<p>[\/et_pb_text][\/et_pb_column][\/et_pb_row][\/et_pb_section]<\/p>\n","protected":false},"excerpt":{"rendered":"<p>&nbsp;Nehmen Sie Kontakt mit uns auf! Home LPG Autogas E-Mobilit\u00e4t Kontakt Impressum Datenschutzbestimmung \u00a0TAKS Energie GmbH Wiedenhaufe 858332 Schwelm Telefon: +49 2336 819 2332Fax: +49 2336 819 2330<\/p>\n","protected":false},"author":1,"featured_media":0,"parent":0,"menu_order":0,"comment_status":"closed","ping_status":"closed","template":"","meta":{"_et_pb_use_builder":"on","_et_pb_old_content":"","_et_gb_content_width":"","footnotes":""},"class_list":["post-117","page","type-page","status-publish","hentry"],"_links":{"self":[{"href":"https:\/\/taks-energie.de\/index.php?rest_route=\/wp\/v2\/pages\/117","targetHints":{"allow":["GET"]}}],"collection":[{"href":"https:\/\/taks-energie.de\/index.php?rest_route=\/wp\/v2\/pages"}],"about":[{"href":"https:\/\/taks-energie.de\/index.php?rest_route=\/wp\/v2\/types\/page"}],"author":[{"embeddable":true,"href":"https:\/\/taks-energie.de\/index.php?rest_route=\/wp\/v2\/users\/1"}],"replies":[{"embeddable":true,"href":"https:\/\/taks-energie.de\/index.php?rest_route=%2Fwp%2Fv2%2Fcomments&post=117"}],"version-history":[{"count":20,"href":"https:\/\/taks-energie.de\/index.php?rest_route=\/wp\/v2\/pages\/117\/revisions"}],"predecessor-version":[{"id":615,"href":"https:\/\/taks-energie.de\/index.php?rest_route=\/wp\/v2\/pages\/117\/revisions\/615"}],"wp:attachment":[{"href":"https:\/\/taks-energie.de\/index.php?rest_route=%2Fwp%2Fv2%2Fmedia&parent=117"}],"curies":[{"name":"wp","href":"https:\/\/api.w.org\/{rel}","templated":true}]}}