{"id":133,"date":"2018-09-26T14:22:11","date_gmt":"2018-09-26T14:22:11","guid":{"rendered":"http:\/\/taks-energie.de\/?page_id=133"},"modified":"2024-01-24T14:54:47","modified_gmt":"2024-01-24T14:54:47","slug":"impressum","status":"publish","type":"page","link":"https:\/\/taks-energie.de\/?page_id=133","title":{"rendered":"Impressum"},"content":{"rendered":"<p>[et_pb_section fb_built=&#8220;1&#8243; _builder_version=&#8220;4.16&#8243; global_colors_info=&#8220;{}&#8220;][et_pb_row column_structure=&#8220;3_4,1_4&#8243; _builder_version=&#8220;4.16&#8243; background_size=&#8220;initial&#8220; background_position=&#8220;top_left&#8220; background_repeat=&#8220;repeat&#8220; global_colors_info=&#8220;{}&#8220;][et_pb_column type=&#8220;3_4&#8243; _builder_version=&#8220;4.16&#8243; custom_padding=&#8220;|||&#8220; global_colors_info=&#8220;{}&#8220; custom_padding__hover=&#8220;|||&#8220;][et_pb_text _builder_version=&#8220;4.16&#8243; header_font=&#8220;Poppins|700|||||||&#8220; global_colors_info=&#8220;{}&#8220;]<\/p>\n<h1>Impressum<\/h1>\n<p>Verantwortlich f\u00fcr den Inhalt dieser Webseite im Sinne des Presserechts, des \u00a7 5 TMG.<\/p>\n<p>Gesch\u00e4ftsf\u00fchrer: Peter Awe, Jochen Sch\u00e4fer<\/p>\n<p>Taks Energie GmbH<br \/>Wiedenhaufe 8<br \/>D-58332 Schwelm<\/p>\n<p>USt-IdNr.: DE315732789<br \/>Amtsgericht Hagen HRB 10832<\/p>\n<p>eMail: info@taks-energie.de<br \/>www.taks-energie.de<\/p>\n<p>&nbsp;<\/p>\n<p>Images:<\/p>\n<p>www.123rf.de<br \/>Bildnummern: 14661141,\u00a014821344,\u00a017828423, 19402332,\u00a020994874, 32330509, 32342907, 35519396, 37567441, 4055711, 42055681, 53666101, 75175144, 76412600, 78518335, 87426135, 100862517<\/p>\n<p>Weitere Fotos: Peter Awe<\/p>\n<p>Design und Realisation: <a href=\"http:\/\/www.multimedias.de\" target=\"_blank\" rel=\"noopener noreferrer\">Multimedias<\/a> \u00a92018<\/p>\n<p><img loading=\"lazy\" decoding=\"async\" class=\"alignnone size-medium wp-image-396\" src=\"https:\/\/taks-energie.de\/wp-content\/uploads\/2018\/09\/WordPress-logotype-standard-300x102.png\" alt=\"\" width=\"300\" height=\"102\" srcset=\"https:\/\/taks-energie.de\/wp-content\/uploads\/2018\/09\/WordPress-logotype-standard-300x102.png 300w, https:\/\/taks-energie.de\/wp-content\/uploads\/2018\/09\/WordPress-logotype-standard-768x261.png 768w, https:\/\/taks-energie.de\/wp-content\/uploads\/2018\/09\/WordPress-logotype-standard-1024x348.png 1024w, https:\/\/taks-energie.de\/wp-content\/uploads\/2018\/09\/WordPress-logotype-standard-1080x367.png 1080w, https:\/\/taks-energie.de\/wp-content\/uploads\/2018\/09\/WordPress-logotype-standard.png 2000w\" sizes=\"(max-width: 300px) 100vw, 300px\" \/><\/p>\n<p>&nbsp;<\/p>\n<p>[\/et_pb_text][\/et_pb_column][et_pb_column type=&#8220;1_4&#8243; _builder_version=&#8220;4.16&#8243; custom_padding=&#8220;|||&#8220; global_colors_info=&#8220;{}&#8220; custom_padding__hover=&#8220;|||&#8220;][\/et_pb_column][\/et_pb_row][\/et_pb_section]<\/p>\n","protected":false},"excerpt":{"rendered":"<p>Impressum Verantwortlich f\u00fcr den Inhalt dieser Webseite im Sinne des Presserechts, des \u00a7 5 TMG. Gesch\u00e4ftsf\u00fchrer: Peter Awe, Jochen Sch\u00e4fer Taks Energie GmbHWiedenhaufe 8D-58332 Schwelm USt-IdNr.: DE315732789Amtsgericht Hagen HRB 10832 eMail: info@taks-energie.dewww.taks-energie.de &nbsp; Images: www.123rf.deBildnummern: 14661141,\u00a014821344,\u00a017828423, 19402332,\u00a020994874, 32330509, 32342907, 35519396, 37567441, 4055711, 42055681, 53666101, 75175144, 76412600, 78518335, 87426135, 100862517 Weitere Fotos: Peter Awe Design und [&hellip;]<\/p>\n","protected":false},"author":1,"featured_media":0,"parent":0,"menu_order":0,"comment_status":"closed","ping_status":"closed","template":"","meta":{"_et_pb_use_builder":"on","_et_pb_old_content":"","_et_gb_content_width":"","footnotes":""},"class_list":["post-133","page","type-page","status-publish","hentry"],"_links":{"self":[{"href":"https:\/\/taks-energie.de\/index.php?rest_route=\/wp\/v2\/pages\/133","targetHints":{"allow":["GET"]}}],"collection":[{"href":"https:\/\/taks-energie.de\/index.php?rest_route=\/wp\/v2\/pages"}],"about":[{"href":"https:\/\/taks-energie.de\/index.php?rest_route=\/wp\/v2\/types\/page"}],"author":[{"embeddable":true,"href":"https:\/\/taks-energie.de\/index.php?rest_route=\/wp\/v2\/users\/1"}],"replies":[{"embeddable":true,"href":"https:\/\/taks-energie.de\/index.php?rest_route=%2Fwp%2Fv2%2Fcomments&post=133"}],"version-history":[{"count":9,"href":"https:\/\/taks-energie.de\/index.php?rest_route=\/wp\/v2\/pages\/133\/revisions"}],"predecessor-version":[{"id":630,"href":"https:\/\/taks-energie.de\/index.php?rest_route=\/wp\/v2\/pages\/133\/revisions\/630"}],"wp:attachment":[{"href":"https:\/\/taks-energie.de\/index.php?rest_route=%2Fwp%2Fv2%2Fmedia&parent=133"}],"curies":[{"name":"wp","href":"https:\/\/api.w.org\/{rel}","templated":true}]}}