{"id":155,"date":"2018-09-26T14:48:28","date_gmt":"2018-09-26T14:48:28","guid":{"rendered":"http:\/\/taks-energie.de\/?page_id=155"},"modified":"2022-12-16T11:41:10","modified_gmt":"2022-12-16T11:41:10","slug":"lpg-autogas","status":"publish","type":"page","link":"https:\/\/taks-energie.de\/?page_id=155","title":{"rendered":"LPG Autogas"},"content":{"rendered":"<p>[et_pb_section fb_built=&#8220;1&#8243; _builder_version=&#8220;4.16&#8243; background_color=&#8220;#afcb08&#8243; custom_padding=&#8220;0|0px|0|0px|false|false&#8220; global_colors_info=&#8220;{}&#8220;][et_pb_row _builder_version=&#8220;4.16&#8243; background_size=&#8220;initial&#8220; background_position=&#8220;top_left&#8220; background_repeat=&#8220;repeat&#8220; custom_padding=&#8220;0|0px|24px|0px|false|false&#8220; global_colors_info=&#8220;{}&#8220;][et_pb_column type=&#8220;4_4&#8243; _builder_version=&#8220;4.16&#8243; custom_padding=&#8220;|||&#8220; global_colors_info=&#8220;{}&#8220; custom_padding__hover=&#8220;|||&#8220;][et_pb_image src=&#8220;https:\/\/taks-energie.de\/wp-content\/uploads\/2018\/09\/logo_taks.png&#8220; align=&#8220;center&#8220; align_tablet=&#8220;center&#8220; align_phone=&#8220;&#8220; align_last_edited=&#8220;on|desktop&#8220; _builder_version=&#8220;4.16&#8243; max_width=&#8220;60%&#8220; module_alignment=&#8220;center&#8220; saved_tabs=&#8220;all&#8220; global_colors_info=&#8220;{}&#8220;]&nbsp;<br \/>\n[\/et_pb_image][et_pb_text _builder_version=&#8220;4.16&#8243; header_font=&#8220;Poppins|700|||||||&#8220; header_text_color=&#8220;#ffffff&#8220; header_font_size=&#8220;80px&#8220; animation_style=&#8220;bounce&#8220; header_font_size_tablet=&#8220;&#8220; header_font_size_phone=&#8220;40px&#8220; header_font_size_last_edited=&#8220;on|phone&#8220; global_colors_info=&#8220;{}&#8220;]<\/p>\n<h1 style=\"text-align: center;\">LPG\u00a0Autogas<\/h1>\n<p>[\/et_pb_text][\/et_pb_column][\/et_pb_row][\/et_pb_section][et_pb_section fb_built=&#8220;1&#8243; next_background_color=&#8220;#8c8c8c&#8220; _builder_version=&#8220;4.16&#8243; background_color=&#8220;#afcb08&#8243; custom_padding=&#8220;0|0px|0|0px|false|false&#8220; bottom_divider_style=&#8220;arrow2&#8243; bottom_divider_flip=&#8220;horizontal&#8220; global_colors_info=&#8220;{}&#8220;][et_pb_row column_structure=&#8220;1_4,1_4,1_4,1_4&#8243; module_class=&#8220; et_pb_row_fullwidth&#8220; _builder_version=&#8220;4.16&#8243; background_size=&#8220;initial&#8220; background_position=&#8220;top_left&#8220; background_repeat=&#8220;repeat&#8220; width=&#8220;89%&#8220; width_tablet=&#8220;80%&#8220; width_phone=&#8220;&#8220; width_last_edited=&#8220;on|desktop&#8220; max_width=&#8220;89%&#8220; max_width_tablet=&#8220;80%&#8220; max_width_phone=&#8220;&#8220; max_width_last_edited=&#8220;on|desktop&#8220; custom_padding=&#8220;0|0px|72px|0|false|false&#8220; make_fullwidth=&#8220;on&#8220; global_colors_info=&#8220;{}&#8220;][et_pb_column type=&#8220;1_4&#8243; _builder_version=&#8220;4.16&#8243; custom_padding=&#8220;|||&#8220; global_colors_info=&#8220;{}&#8220; custom_padding__hover=&#8220;|||&#8220;][\/et_pb_column][et_pb_column type=&#8220;1_4&#8243; _builder_version=&#8220;4.16&#8243; custom_padding=&#8220;|||&#8220; global_colors_info=&#8220;{}&#8220; custom_padding__hover=&#8220;|||&#8220;][et_pb_text _builder_version=&#8220;4.16&#8243; text_text_color=&#8220;#ffffff&#8220; custom_margin=&#8220;|20px||&#8220; global_colors_info=&#8220;{}&#8220;]Der vorhandene und untersch\u00e4tzte alternative Kraftstoff steht in Deutschland an ca. 7000 Tankstellen f\u00fcr PKWs zur Verf\u00fcgung. LPG ist um ca. 40 % g\u00fcnstiger als der herk\u00f6mmliche Ottokraftstoff.<br \/>\n[\/et_pb_text][\/et_pb_column][et_pb_column type=&#8220;1_4&#8243; _builder_version=&#8220;4.16&#8243; custom_padding=&#8220;|||&#8220; global_colors_info=&#8220;{}&#8220; custom_padding__hover=&#8220;|||&#8220;][et_pb_text _builder_version=&#8220;4.16&#8243; text_text_color=&#8220;#ffffff&#8220; global_colors_info=&#8220;{}&#8220;]Auch in der Industrie wird Fl\u00fcssiggas alsTreibstoff z.B. f\u00fcr Gabelstapler genuzt. Auch hier stehen wir Ihnen in allen Belangen zur Seite.<br \/>\n[\/et_pb_text][\/et_pb_column][et_pb_column type=&#8220;1_4&#8243; _builder_version=&#8220;4.16&#8243; custom_padding=&#8220;|||&#8220; global_colors_info=&#8220;{}&#8220; custom_padding__hover=&#8220;|||&#8220;][\/et_pb_column][\/et_pb_row][\/et_pb_section][et_pb_section fb_built=&#8220;1&#8243; admin_label=&#8220;Features&#8220; _builder_version=&#8220;4.16&#8243; background_color=&#8220;#8c8c8c&#8220; custom_padding=&#8220;0|0px|0px|0px|false|false&#8220; bottom_divider_style=&#8220;wave2&#8243; bottom_divider_color=&#8220;#ffffff&#8220; bottom_divider_arrangement=&#8220;above_content&#8220; global_colors_info=&#8220;{}&#8220;][et_pb_row column_structure=&#8220;1_3,1_3,1_3&#8243; use_custom_gutter=&#8220;on&#8220; gutter_width=&#8220;2&#8243; make_equal=&#8220;on&#8220; admin_label=&#8220;CTA Row&#8220; module_class=&#8220; et_pb_row_fullwidth&#8220; _builder_version=&#8220;4.16&#8243; width=&#8220;94%&#8220; width_tablet=&#8220;80%&#8220; width_phone=&#8220;&#8220; width_last_edited=&#8220;on|desktop&#8220; max_width=&#8220;94%&#8220; max_width_tablet=&#8220;80%&#8220; max_width_phone=&#8220;&#8220; max_width_last_edited=&#8220;on|desktop&#8220; custom_padding=&#8220;70px|0px|204px|0px|false|false&#8220; make_fullwidth=&#8220;on&#8220; global_colors_info=&#8220;{}&#8220;][et_pb_column type=&#8220;1_3&#8243; _builder_version=&#8220;4.16&#8243; custom_padding=&#8220;|||&#8220; global_colors_info=&#8220;{}&#8220; custom_padding__hover=&#8220;|||&#8220;][et_pb_blurb_extended title=&#8220;Service&#8220; url=&#8220;https:\/\/taks-energie.de\/?page_id=117&#8243; read_more_button=&#8220;on&#8220; read_more_text=&#8220;Kontakt&#8220; use_icon=&#8220;on&#8220; font_icon=&#8220;%%198%%&#8220; blurb_layout=&#8220;flipbox&#8220; fb_front_background=&#8220;image&#8220; fb_front_background_image=&#8220;https:\/\/taks-energie.de\/wp-content\/uploads\/2018\/09\/service.jpg&#8220; fb_back_background=&#8220;color&#8220; fb_back_background_color=&#8220;#afcb08&#8243; admin_label=&#8220;Service&#8220; _builder_version=&#8220;4.16&#8243; header_level=&#8220;h1&#8243; header_font=&#8220;Poppins|700|||||||&#8220; header_text_color=&#8220;#ffffff&#8220; header_font_size=&#8220;30px&#8220; body_font=&#8220;Open Sans||||||||&#8220; body_text_color=&#8220;#606060&#8243; custom_read_more=&#8220;on&#8220; read_more_text_color=&#8220;#ffffff&#8220; read_more_bg_color=&#8220;#e09900&#8243; read_more_border_color=&#8220;#000000&#8243; custom_padding=&#8220;||500px|&#8220; header_text_shadow_style=&#8220;preset1&#8243; border_width_all=&#8220;2px&#8220; global_colors_info=&#8220;{}&#8220;]Wir \u00fcbernehmen f\u00fcr unsere Partner die Wartung und die Durchf\u00fchrung der Pr\u00fcffristen nach Betriebssicherheitsverordnung \u00a7 16 .<\/p>\n<p><strong>Wiederkehrende Pr\u00fcfungen<\/strong><\/p>\n<p>\u00c4u\u00dfere Beh\u00e4lterpr\u00fcfung: alle 2 Jahre<br \/>\n\u00c4u\u00dfere Rohrleitungspr\u00fcfung: alle 2 Jahre<br \/>\nPr\u00fcfung nach DGUV3 \u201cEx Bereich\u201d: alle 3 Jahre<br \/>\nPr\u00fcfung der F\u00fcllanlage in Begleitung der Z\u00dcS: alle 5 Jahre<br \/>\nPr\u00fcfung der Ex-Anlage in Begleitung der Z\u00dcS: alle 6 Jahre<br \/>\nPr\u00fcfung des Lagerbeh\u00e4lters in Begleitung der Z\u00dcS: alle 10 Jahre<br \/>\nPr\u00fcfung der Rohrleitung \u00a7 16 Anh. 2 Abs. 4: alle 10 Jahre<\/p>\n<p>&nbsp;<br \/>\n[\/et_pb_blurb_extended][\/et_pb_column][et_pb_column type=&#8220;1_3&#8243; _builder_version=&#8220;4.16&#8243; custom_padding=&#8220;|||&#8220; global_colors_info=&#8220;{}&#8220; custom_padding__hover=&#8220;|||&#8220;][et_pb_blurb_extended title=&#8220;Eichung und Instandsetzung&#8220; url=&#8220;https:\/\/taks-energie.de\/?page_id=117&#8243; read_more_button=&#8220;on&#8220; read_more_text=&#8220;Kontakt&#8220; use_icon=&#8220;on&#8220; font_icon=&#8220;%%198%%&#8220; blurb_layout=&#8220;flipbox&#8220; fb_front_background=&#8220;image&#8220; fb_front_background_image=&#8220;https:\/\/taks-energie.de\/wp-content\/uploads\/2018\/09\/eichen01.jpg&#8220; fb_back_background=&#8220;color&#8220; fb_back_background_color=&#8220;#afcb08&#8243; _builder_version=&#8220;4.16&#8243; header_level=&#8220;h1&#8243; header_font=&#8220;Poppins|700|||||||&#8220; header_text_color=&#8220;#ffffff&#8220; header_font_size=&#8220;30px&#8220; body_font=&#8220;Open Sans||||||||&#8220; custom_read_more=&#8220;on&#8220; read_more_text_color=&#8220;#ffffff&#8220; read_more_bg_color=&#8220;#e09900&#8243; read_more_border_color=&#8220;#020202&#8243; custom_padding=&#8220;||500px|&#8220; header_text_shadow_style=&#8220;preset5&#8243; border_width_all=&#8220;2px&#8220; global_colors_info=&#8220;{}&#8220;]Durch unser zugelassenes Eichnormal sind wir im Besitz des Instandsetzer-Kennzeichens f\u00fcr Fl\u00fcssiggastankstellen. Wir f\u00fchren f\u00fcr unsere Partner die Instandsetzung und Eichung an den von Ihnen betriebenen Autogas- oder Treibgastankstellen durch. Durch das Betreiben einer eigenen Eichanlage sind wir in der Lage, Ihre St\u00f6rungen schnell und flexibel zu beseitigen sowie die Planung und Durchf\u00fchrung der Eichtermine, jeglicher LPG-Kraftstoffanlagen, umzusetzen.<\/p>\n<p>&nbsp;<br \/>\n[\/et_pb_blurb_extended][\/et_pb_column][et_pb_column type=&#8220;1_3&#8243; _builder_version=&#8220;4.16&#8243; custom_padding=&#8220;|||&#8220; global_colors_info=&#8220;{}&#8220; custom_padding__hover=&#8220;|||&#8220;][et_pb_blurb_extended title=&#8220;ASKI Tankautomaten&#8220; url=&#8220;https:\/\/taks-energie.de\/?page_id=117&#8243; read_more_button=&#8220;on&#8220; read_more_text=&#8220;Kontakt&#8220; use_icon=&#8220;on&#8220; font_icon=&#8220;%%198%%&#8220; blurb_layout=&#8220;flipbox&#8220; fb_front_background=&#8220;image&#8220; fb_front_background_image=&#8220;https:\/\/taks-energie.de\/wp-content\/uploads\/2018\/09\/aski.jpg&#8220; fb_back_background=&#8220;color&#8220; fb_back_background_color=&#8220;#afcb08&#8243; _builder_version=&#8220;4.19.3&#8243; header_level=&#8220;h1&#8243; header_font=&#8220;Poppins|700|||||||&#8220; header_text_color=&#8220;#ffffff&#8220; header_font_size=&#8220;30px&#8220; body_font=&#8220;Open Sans||||||||&#8220; custom_read_more=&#8220;on&#8220; read_more_text_color=&#8220;#ffffff&#8220; read_more_bg_color=&#8220;#e09900&#8243; read_more_border_color=&#8220;#020202&#8243; custom_padding=&#8220;||500px|&#8220; hover_enabled=&#8220;0&#8243; header_text_shadow_style=&#8220;preset5&#8243; border_width_all=&#8220;2px&#8220; global_colors_info=&#8220;{}&#8220; sticky_enabled=&#8220;0&#8243;]<\/p>\n<p>Mit Wirkung zum 01.10.2018 haben wir den Gesch\u00e4ftsbereich \u201cTanksysteme\u201d der Firma A.S.K.I. GmbH \u00fcbernommen. Wir verstehen uns als Komplettanbieter f\u00fcr Ihre Autogas Tankstelle \u2013 inklusive Instandsetzung, Aufstellung und Service. Als einer der wenigen Dienstleister in Deutschland verf\u00fcgen wir \u00fcber das dazugeh\u00f6rige Instandsetzer-Kennzeichen. Selbstverst\u00e4ndlich bieten wir unseren Service Bundesweit &#8222;aus einer Hand&#8220; an.<\/p>\n<p>Leider m\u00fcssen wir Ihnen mitteilen, das f\u00fcr den ASKI Tankautomaten und die dazu geh\u00f6rige Software keine Weiterentwicklung stattfinden wird.<\/p>\n<p>&nbsp;<\/p>\n<p>[\/et_pb_blurb_extended][\/et_pb_column][\/et_pb_row][\/et_pb_section][et_pb_section fb_built=&#8220;1&#8243; admin_label=&#8220;Subscribe&#8220; _builder_version=&#8220;4.16&#8243; background_image=&#8220;https:\/\/taks-energie.de\/wp-content\/uploads\/2018\/09\/kontakt_back01.jpg&#8220; custom_padding=&#8220;0|0px|0|0px|false|false&#8220; animation_style=&#8220;slide&#8220; animation_direction=&#8220;bottom&#8220; animation_duration=&#8220;1250ms&#8220; animation_intensity_slide=&#8220;1%&#8220; saved_tabs=&#8220;all&#8220; global_colors_info=&#8220;{}&#8220;][et_pb_row _builder_version=&#8220;4.16&#8243; custom_padding=&#8220;62px|0px|19px|0px|false|false&#8220; global_colors_info=&#8220;{}&#8220;][et_pb_column type=&#8220;4_4&#8243; _builder_version=&#8220;4.16&#8243; custom_padding=&#8220;|||&#8220; global_colors_info=&#8220;{}&#8220; custom_padding__hover=&#8220;|||&#8220;][et_pb_text _builder_version=&#8220;4.16&#8243; text_font=&#8220;Montserrat|500|||||||&#8220; text_text_color=&#8220;rgba(47,56,84,0.5)&#8220; text_font_size=&#8220;16px&#8220; text_line_height=&#8220;1.9em&#8220; header_font=&#8220;Poppins|700|||||||&#8220; header_2_font=&#8220;Poppins|700|||||||&#8220; header_2_text_color=&#8220;#e09900&#8243; header_2_font_size=&#8220;50px&#8220; header_2_line_height=&#8220;1.3em&#8220; text_orientation=&#8220;center&#8220; max_width=&#8220;700px&#8220; module_alignment=&#8220;center&#8220; global_colors_info=&#8220;{}&#8220;]<\/p>\n<h2>Nehmen Sie Kontakt<br \/>\nmit uns auf!<\/h2>\n<p>[\/et_pb_text][\/et_pb_column][\/et_pb_row][et_pb_row column_structure=&#8220;1_4,1_2,1_4&#8243; _builder_version=&#8220;3.15&#8243; custom_padding=&#8220;6px|0px|78px|0px|false|false&#8220; global_module=&#8220;328&#8243; global_colors_info=&#8220;{}&#8220;][et_pb_column type=&#8220;1_4&#8243; _builder_version=&#8220;4.16&#8243; custom_padding=&#8220;|||&#8220; global_colors_info=&#8220;{}&#8220; custom_padding__hover=&#8220;|||&#8220;][\/et_pb_column][et_pb_column type=&#8220;1_2&#8243; _builder_version=&#8220;4.16&#8243; custom_padding=&#8220;|||&#8220; global_colors_info=&#8220;{}&#8220; custom_padding__hover=&#8220;|||&#8220;][et_pb_contact_form use_spam_service=&#8220;on&#8220; recaptcha_list=&#8220;taks-energie|taks-energie-0&#8243; email=&#8220;info@taks-energie.de&#8220; custom_message=&#8220;Kontaktnachricht der TAKS Homepage||et_pb_line_break_holder||||et_pb_line_break_holder||Firma: %%firma%%||et_pb_line_break_holder||Name: %%name%%||et_pb_line_break_holder||Telefon: %%telefon%%||et_pb_line_break_holder||Email: %%email%%||et_pb_line_break_holder||Stra\u00dfe: %%stra\u00dfe%%||et_pb_line_break_holder||PLZ: %%plz%%||et_pb_line_break_holder||Ort: %%Stadt%%||et_pb_line_break_holder||||et_pb_line_break_holder||Nachricht: ||et_pb_line_break_holder||||et_pb_line_break_holder||%%Nachricht%%&#8220; success_message=&#8220;Vielen Dank f\u00fcr Ihre Nachricht! Wir k\u00fcmmern uns umgehend darum. Viele Gr\u00fc\u00dfe, Ihr TAKS- Energie Team&#8220; submit_button_text=&#8220;Senden&#8220; module_id=&#8220;et_pb_contact_form_1&#8243; _builder_version=&#8220;4.17.6&#8243; _unique_id=&#8220;6d7c4d23-31d9-4737-9ba8-c208d1804c23&#8243; button_bg_color_gradient_stops=&#8220;#2b87da 0%|#29c4a9 100%&#8220; border_radii=&#8220;on|1px|1px|1px|1px&#8220; box_shadow_style=&#8220;preset4&#8243; box_shadow_horizontal=&#8220;1px&#8220; box_shadow_vertical=&#8220;1px&#8220; global_colors_info=&#8220;{}&#8220;][et_pb_contact_field field_id=&#8220;Firma&#8220; field_title=&#8220;Firma:&#8220; required_mark=&#8220;off&#8220; fullwidth_field=&#8220;on&#8220; _builder_version=&#8220;4.16&#8243; global_colors_info=&#8220;{}&#8220;][\/et_pb_contact_field][et_pb_contact_field field_id=&#8220;Name&#8220; field_title=&#8220;Name: *&#8220; fullwidth_field=&#8220;on&#8220; _builder_version=&#8220;4.16&#8243; global_colors_info=&#8220;{}&#8220;][\/et_pb_contact_field][et_pb_contact_field field_id=&#8220;Telefon&#8220; field_title=&#8220;Telefon:&#8220; required_mark=&#8220;off&#8220; fullwidth_field=&#8220;on&#8220; _builder_version=&#8220;4.16&#8243; global_colors_info=&#8220;{}&#8220;][\/et_pb_contact_field][et_pb_contact_field field_id=&#8220;Email&#8220; field_title=&#8220;E-Mail-Adresse: *&#8220; field_type=&#8220;email&#8220; fullwidth_field=&#8220;on&#8220; _builder_version=&#8220;4.16&#8243; global_colors_info=&#8220;{}&#8220;][\/et_pb_contact_field][et_pb_contact_field field_id=&#8220;Stra\u00dfe&#8220; field_title=&#8220;Stra\u00dfe:&#8220; required_mark=&#8220;off&#8220; fullwidth_field=&#8220;on&#8220; _builder_version=&#8220;4.16&#8243; global_colors_info=&#8220;{}&#8220;][\/et_pb_contact_field][et_pb_contact_field field_id=&#8220;PLZ&#8220; field_title=&#8220;PLZ&#8220; required_mark=&#8220;off&#8220; _builder_version=&#8220;4.16&#8243; global_colors_info=&#8220;{}&#8220;][\/et_pb_contact_field][et_pb_contact_field field_id=&#8220;Stadt&#8220; field_title=&#8220;Stadt&#8220; required_mark=&#8220;off&#8220; _builder_version=&#8220;4.16&#8243; global_colors_info=&#8220;{}&#8220;][\/et_pb_contact_field][et_pb_contact_field field_id=&#8220;Nachricht&#8220; field_title=&#8220;Ihre Nachricht: *&#8220; field_type=&#8220;text&#8220; fullwidth_field=&#8220;on&#8220; _builder_version=&#8220;4.16&#8243; global_colors_info=&#8220;{}&#8220;][\/et_pb_contact_field][et_pb_contact_field field_id=&#8220;Datenschutz&#8220; field_title=&#8220;Datenschutz&#8220; field_type=&#8220;checkbox&#8220; checkbox_options=&#8220;%91{%22value%22:%22Ich habe die Datenschutzerkl\u00e4rung zur Kenntnis genommen. Ich stimme zu, dass meine Angaben zur Kontaktaufnahme und f\u00fcr R\u00fcckfragen dauerhaft gespeichert werden.(erforderlich)%22,%22checked%22:0}%93&#8243; _builder_version=&#8220;4.16&#8243; global_colors_info=&#8220;{}&#8220;][\/et_pb_contact_field][\/et_pb_contact_form][\/et_pb_column][et_pb_column type=&#8220;1_4&#8243; _builder_version=&#8220;4.16&#8243; custom_padding=&#8220;|||&#8220; global_colors_info=&#8220;{}&#8220; custom_padding__hover=&#8220;|||&#8220;][\/et_pb_column][\/et_pb_row][\/et_pb_section][et_pb_section fb_built=&#8220;1&#8243; _builder_version=&#8220;3.15&#8243; background_color=&#8220;#afcb08&#8243; global_module=&#8220;329&#8243; global_colors_info=&#8220;{}&#8220;][et_pb_row column_structure=&#8220;1_3,1_3,1_3&#8243; _builder_version=&#8220;4.16&#8243; background_size=&#8220;initial&#8220; background_position=&#8220;top_left&#8220; background_repeat=&#8220;repeat&#8220; global_colors_info=&#8220;{}&#8220;][et_pb_column type=&#8220;1_3&#8243; _builder_version=&#8220;4.16&#8243; custom_padding=&#8220;|||&#8220; global_colors_info=&#8220;{}&#8220; custom_padding__hover=&#8220;|||&#8220;][et_pb_text _builder_version=&#8220;4.16&#8243; text_font=&#8220;Open Sans|700|||||||&#8220; text_text_color=&#8220;#ffffff&#8220; text_line_height=&#8220;2.4em&#8220; header_3_font=&#8220;Open Sans||||||||&#8220; header_3_text_color=&#8220;#ffffff&#8220; header_3_font_size=&#8220;16&#8243; header_3_line_height=&#8220;2em&#8220; header_3_text_shadow_style=&#8220;preset1&#8243; header_3_text_shadow_color=&#8220;#383838&#8243; global_colors_info=&#8220;{}&#8220;]<\/p>\n<ul>\n<li>\n<h3><strong><a href=\"https:\/\/taks-energie.de\">Home<\/a><\/strong><\/h3>\n<\/li>\n<li>\n<h3><strong><a href=\"https:\/\/taks-energie.de\/?page_id=155\">LPG Autogas<\/a><\/strong><\/h3>\n<\/li>\n<li>\n<h3><strong><a href=\"https:\/\/taks-energie.de\/?page_id=89\">E-Mobilit\u00e4t<\/a><\/strong><\/h3>\n<\/li>\n<li>\n<h3><a href=\"https:\/\/taks-energie.de\/?page_id=117\"><strong>Kontakt<\/strong><\/a><\/h3>\n<\/li>\n<li>\n<h3><strong><a href=\"https:\/\/taks-energie.de\/?page_id=133\">Impressum<\/a><\/strong><\/h3>\n<\/li>\n<li>\n<h3><a href=\"https:\/\/taks-energie.de\/?page_id=135\"><strong>Datenschutzbestimmung<\/strong><\/a><\/h3>\n<\/li>\n<\/ul>\n<p>[\/et_pb_text][\/et_pb_column][et_pb_column type=&#8220;1_3&#8243; _builder_version=&#8220;4.16&#8243; custom_padding=&#8220;|||&#8220; global_colors_info=&#8220;{}&#8220; custom_padding__hover=&#8220;|||&#8220;][et_pb_image src=&#8220;https:\/\/taks-energie.de\/wp-content\/uploads\/2018\/09\/logo_taks.png&#8220; align=&#8220;center&#8220; align_tablet=&#8220;center&#8220; align_phone=&#8220;&#8220; align_last_edited=&#8220;on|desktop&#8220; _builder_version=&#8220;4.16&#8243; global_colors_info=&#8220;{}&#8220;]<\/p>\n<p>\u00a0<\/p>\n<p>[\/et_pb_image][\/et_pb_column][et_pb_column type=&#8220;1_3&#8243; _builder_version=&#8220;4.16&#8243; custom_padding=&#8220;|||&#8220; global_colors_info=&#8220;{}&#8220; custom_padding__hover=&#8220;|||&#8220;][et_pb_text _builder_version=&#8220;4.16&#8243; header_3_font=&#8220;Open Sans||||||||&#8220; header_3_text_color=&#8220;#ffffff&#8220; header_3_font_size=&#8220;14px&#8220; header_3_line_height=&#8220;2em&#8220; header_3_text_shadow_style=&#8220;preset1&#8243; global_colors_info=&#8220;{}&#8220;]<\/p>\n<h3><strong>TAKS Energie GmbH<\/strong><\/h3>\n<h3>Wiedenhaufe 8<br \/>58332 Schwelm<\/h3>\n<h3>Telefon: +49 2336 819 2332<br \/>Fax: +49 2336 819 2330<\/h3>\n<p>[\/et_pb_text][\/et_pb_column][\/et_pb_row][\/et_pb_section]<\/p>\n","protected":false},"excerpt":{"rendered":"<p>&nbsp; LPG\u00a0Autogas Der vorhandene und untersch\u00e4tzte alternative Kraftstoff steht in Deutschland an ca. 7000 Tankstellen f\u00fcr PKWs zur Verf\u00fcgung. LPG ist um ca. 40 % g\u00fcnstiger als der herk\u00f6mmliche Ottokraftstoff. Auch in der Industrie wird Fl\u00fcssiggas alsTreibstoff z.B. f\u00fcr Gabelstapler genuzt. Auch hier stehen wir Ihnen in allen Belangen zur Seite. Wir \u00fcbernehmen f\u00fcr unsere [&hellip;]<\/p>\n","protected":false},"author":1,"featured_media":0,"parent":0,"menu_order":0,"comment_status":"closed","ping_status":"closed","template":"","meta":{"_et_pb_use_builder":"on","_et_pb_old_content":"","_et_gb_content_width":"","footnotes":""},"class_list":["post-155","page","type-page","status-publish","hentry"],"_links":{"self":[{"href":"https:\/\/taks-energie.de\/index.php?rest_route=\/wp\/v2\/pages\/155","targetHints":{"allow":["GET"]}}],"collection":[{"href":"https:\/\/taks-energie.de\/index.php?rest_route=\/wp\/v2\/pages"}],"about":[{"href":"https:\/\/taks-energie.de\/index.php?rest_route=\/wp\/v2\/types\/page"}],"author":[{"embeddable":true,"href":"https:\/\/taks-energie.de\/index.php?rest_route=\/wp\/v2\/users\/1"}],"replies":[{"embeddable":true,"href":"https:\/\/taks-energie.de\/index.php?rest_route=%2Fwp%2Fv2%2Fcomments&post=155"}],"version-history":[{"count":45,"href":"https:\/\/taks-energie.de\/index.php?rest_route=\/wp\/v2\/pages\/155\/revisions"}],"predecessor-version":[{"id":625,"href":"https:\/\/taks-energie.de\/index.php?rest_route=\/wp\/v2\/pages\/155\/revisions\/625"}],"wp:attachment":[{"href":"https:\/\/taks-energie.de\/index.php?rest_route=%2Fwp%2Fv2%2Fmedia&parent=155"}],"curies":[{"name":"wp","href":"https:\/\/api.w.org\/{rel}","templated":true}]}}